{"id":2669,"date":"2026-04-07T00:54:54","date_gmt":"2026-04-06T22:54:54","guid":{"rendered":"https:\/\/www.lilou-noirot.fr\/?page_id=2669"},"modified":"2026-04-07T13:23:25","modified_gmt":"2026-04-07T11:23:25","slug":"chargee-de-communication-enedis","status":"publish","type":"page","link":"https:\/\/www.lilou-noirot.fr\/index.php\/chargee-de-communication-enedis\/","title":{"rendered":"Charg\u00e9e de Communication (stage) &#8211;  Enedis"},"content":{"rendered":"\t\t<div data-elementor-type=\"wp-page\" data-elementor-id=\"2669\" class=\"elementor elementor-2669\">\n\t\t\t\t<div class=\"elementor-element elementor-element-c68fd8a e-flex e-con-boxed e-con e-parent\" data-id=\"c68fd8a\" data-element_type=\"container\" data-e-type=\"container\" data-settings=\"{&quot;background_background&quot;:&quot;classic&quot;}\">\n\t\t\t\t\t<div class=\"e-con-inner\">\n\t\t\t\t<div class=\"elementor-element elementor-element-23f7609 elementor-widget elementor-widget-spacer\" data-id=\"23f7609\" data-element_type=\"widget\" data-e-type=\"widget\" data-widget_type=\"spacer.default\">\n\t\t\t\t<div class=\"elementor-widget-container\">\n\t\t\t\t\t\t\t<div class=\"elementor-spacer\">\n\t\t\t<div class=\"elementor-spacer-inner\"><\/div>\n\t\t<\/div>\n\t\t\t\t\t\t<\/div>\n\t\t\t\t<\/div>\n\t\t\t\t<div class=\"elementor-element elementor-element-2e48c77 elementor-widget__width-initial elementor-widget-divider--view-line elementor-widget elementor-widget-divider\" data-id=\"2e48c77\" data-element_type=\"widget\" data-e-type=\"widget\" data-widget_type=\"divider.default\">\n\t\t\t\t<div class=\"elementor-widget-container\">\n\t\t\t\t\t\t\t<div class=\"elementor-divider\">\n\t\t\t<span class=\"elementor-divider-separator\">\n\t\t\t\t\t\t<\/span>\n\t\t<\/div>\n\t\t\t\t\t\t<\/div>\n\t\t\t\t<\/div>\n\t\t\t\t<div class=\"elementor-element elementor-element-b5d1f91 elementor-widget elementor-widget-text-editor\" data-id=\"b5d1f91\" data-element_type=\"widget\" data-e-type=\"widget\" data-widget_type=\"text-editor.default\">\n\t\t\t\t<div class=\"elementor-widget-container\">\n\t\t\t\t\t\t\t\t\t<p>Janvier 2024 &#8211; F\u00e9vrier 2024 | Enedis<\/p>\t\t\t\t\t\t\t\t<\/div>\n\t\t\t\t<\/div>\n\t\t\t\t<div class=\"elementor-element elementor-element-ce9e967 elementor-widget elementor-widget-text-editor\" data-id=\"ce9e967\" data-element_type=\"widget\" data-e-type=\"widget\" data-widget_type=\"text-editor.default\">\n\t\t\t\t<div class=\"elementor-widget-container\">\n\t\t\t\t\t\t\t\t\t<p>Stage &#8211; 1 mois<\/p>\t\t\t\t\t\t\t\t<\/div>\n\t\t\t\t<\/div>\n\t\t\t\t<div class=\"elementor-element elementor-element-58d4fa0 elementor-widget__width-initial elementor-widget elementor-widget-text-editor\" data-id=\"58d4fa0\" data-element_type=\"widget\" data-e-type=\"widget\" data-widget_type=\"text-editor.default\">\n\t\t\t\t<div class=\"elementor-widget-container\">\n\t\t\t\t\t\t\t\t\t<p>CHARG\u00c9E\u00a0DE\u00a0COMMUNICATION<\/p>\t\t\t\t\t\t\t\t<\/div>\n\t\t\t\t<\/div>\n\t\t\t\t\t<\/div>\n\t\t\t\t<\/div>\n\t\t<div class=\"elementor-element elementor-element-c11c5d0 e-flex e-con-boxed e-con e-parent\" data-id=\"c11c5d0\" data-element_type=\"container\" data-e-type=\"container\" data-settings=\"{&quot;background_background&quot;:&quot;classic&quot;}\">\n\t\t\t\t\t<div class=\"e-con-inner\">\n\t\t<div class=\"elementor-element elementor-element-485f3e9 e-con-full e-flex e-con e-child\" data-id=\"485f3e9\" data-element_type=\"container\" data-e-type=\"container\">\n\t\t\t\t<div class=\"elementor-element elementor-element-2339d4d elementor-widget elementor-widget-image\" data-id=\"2339d4d\" data-element_type=\"widget\" data-e-type=\"widget\" data-widget_type=\"image.default\">\n\t\t\t\t<div class=\"elementor-widget-container\">\n\t\t\t\t\t\t\t\t\t\t\t\t\t\t\t<img fetchpriority=\"high\" decoding=\"async\" width=\"974\" height=\"850\" src=\"https:\/\/www.lilou-noirot.fr\/wp-content\/uploads\/2026\/04\/Image-07-04-2026-a-00.57.jpeg\" class=\"attachment-full size-full wp-image-2672\" alt=\"\" srcset=\"https:\/\/www.lilou-noirot.fr\/wp-content\/uploads\/2026\/04\/Image-07-04-2026-a-00.57.jpeg 974w, https:\/\/www.lilou-noirot.fr\/wp-content\/uploads\/2026\/04\/Image-07-04-2026-a-00.57-300x262.jpeg 300w, https:\/\/www.lilou-noirot.fr\/wp-content\/uploads\/2026\/04\/Image-07-04-2026-a-00.57-768x670.jpeg 768w\" sizes=\"(max-width: 974px) 100vw, 974px\" \/>\t\t\t\t\t\t\t\t\t\t\t\t\t\t\t<\/div>\n\t\t\t\t<\/div>\n\t\t\t\t<\/div>\n\t\t<div class=\"elementor-element elementor-element-fd832dd e-con-full e-flex e-con e-child\" data-id=\"fd832dd\" data-element_type=\"container\" data-e-type=\"container\">\n\t\t\t\t<div class=\"elementor-element elementor-element-ad6d3f7 elementor-widget elementor-widget-spacer\" data-id=\"ad6d3f7\" data-element_type=\"widget\" data-e-type=\"widget\" data-widget_type=\"spacer.default\">\n\t\t\t\t<div class=\"elementor-widget-container\">\n\t\t\t\t\t\t\t<div class=\"elementor-spacer\">\n\t\t\t<div class=\"elementor-spacer-inner\"><\/div>\n\t\t<\/div>\n\t\t\t\t\t\t<\/div>\n\t\t\t\t<\/div>\n\t\t\t\t<div class=\"elementor-element elementor-element-87eeed8 elementor-widget__width-initial elementor-widget elementor-widget-text-editor\" data-id=\"87eeed8\" data-element_type=\"widget\" data-e-type=\"widget\" data-widget_type=\"text-editor.default\">\n\t\t\t\t<div class=\"elementor-widget-container\">\n\t\t\t\t\t\t\t\t\t<p>Lors de ce stage, j\u2019ai particip\u00e9 \u00e0 de la communication interne et un peu de communication externe (flyers, kak\u00e9monos\u2026). Il s\u2019agissait surtout d\u2019un stage d\u2019observation qui m\u2019a permis de d\u00e9couvrir le fonctionnement de l\u2019entreprise et d\u2019assister \u00e0 des r\u00e9unions importantes.<\/p>\t\t\t\t\t\t\t\t<\/div>\n\t\t\t\t<\/div>\n\t\t\t\t<\/div>\n\t\t\t\t\t<\/div>\n\t\t\t\t<\/div>\n\t\t<div class=\"elementor-element elementor-element-e2c47d9 e-flex e-con-boxed e-con e-parent\" data-id=\"e2c47d9\" data-element_type=\"container\" data-e-type=\"container\" data-settings=\"{&quot;background_background&quot;:&quot;classic&quot;}\">\n\t\t\t\t\t<div class=\"e-con-inner\">\n\t\t\t\t<div class=\"elementor-element elementor-element-ce4c97e elementor-widget elementor-widget-spacer\" data-id=\"ce4c97e\" data-element_type=\"widget\" data-e-type=\"widget\" data-widget_type=\"spacer.default\">\n\t\t\t\t<div class=\"elementor-widget-container\">\n\t\t\t\t\t\t\t<div class=\"elementor-spacer\">\n\t\t\t<div class=\"elementor-spacer-inner\"><\/div>\n\t\t<\/div>\n\t\t\t\t\t\t<\/div>\n\t\t\t\t<\/div>\n\t\t\t\t<div class=\"elementor-element elementor-element-0a4036c elementor-widget elementor-widget-image\" data-id=\"0a4036c\" data-element_type=\"widget\" data-e-type=\"widget\" data-widget_type=\"image.default\">\n\t\t\t\t<div class=\"elementor-widget-container\">\n\t\t\t\t\t\t\t\t\t\t\t\t\t\t\t<img decoding=\"async\" width=\"1372\" height=\"1360\" src=\"https:\/\/www.lilou-noirot.fr\/wp-content\/uploads\/2026\/04\/Image-07-04-2026-a-00.58.jpeg\" class=\"attachment-full size-full wp-image-2673\" alt=\"\" srcset=\"https:\/\/www.lilou-noirot.fr\/wp-content\/uploads\/2026\/04\/Image-07-04-2026-a-00.58.jpeg 1372w, https:\/\/www.lilou-noirot.fr\/wp-content\/uploads\/2026\/04\/Image-07-04-2026-a-00.58-300x297.jpeg 300w, https:\/\/www.lilou-noirot.fr\/wp-content\/uploads\/2026\/04\/Image-07-04-2026-a-00.58-1024x1015.jpeg 1024w, https:\/\/www.lilou-noirot.fr\/wp-content\/uploads\/2026\/04\/Image-07-04-2026-a-00.58-150x150.jpeg 150w, https:\/\/www.lilou-noirot.fr\/wp-content\/uploads\/2026\/04\/Image-07-04-2026-a-00.58-768x761.jpeg 768w\" sizes=\"(max-width: 1372px) 100vw, 1372px\" \/>\t\t\t\t\t\t\t\t\t\t\t\t\t\t\t<\/div>\n\t\t\t\t<\/div>\n\t\t\t\t<div class=\"elementor-element elementor-element-211719a elementor-widget elementor-widget-spacer\" data-id=\"211719a\" data-element_type=\"widget\" data-e-type=\"widget\" data-widget_type=\"spacer.default\">\n\t\t\t\t<div class=\"elementor-widget-container\">\n\t\t\t\t\t\t\t<div class=\"elementor-spacer\">\n\t\t\t<div class=\"elementor-spacer-inner\"><\/div>\n\t\t<\/div>\n\t\t\t\t\t\t<\/div>\n\t\t\t\t<\/div>\n\t\t\t\t<div class=\"elementor-element elementor-element-5dda9c9 elementor-widget elementor-widget-image\" data-id=\"5dda9c9\" data-element_type=\"widget\" data-e-type=\"widget\" data-widget_type=\"image.default\">\n\t\t\t\t<div class=\"elementor-widget-container\">\n\t\t\t\t\t\t\t\t\t\t\t\t\t\t\t<img decoding=\"async\" width=\"1024\" height=\"360\" src=\"https:\/\/www.lilou-noirot.fr\/wp-content\/uploads\/2026\/04\/Image-07-04-2026-a-00.59-1024x360.jpeg\" class=\"attachment-large size-large wp-image-2674\" alt=\"\" srcset=\"https:\/\/www.lilou-noirot.fr\/wp-content\/uploads\/2026\/04\/Image-07-04-2026-a-00.59-1024x360.jpeg 1024w, https:\/\/www.lilou-noirot.fr\/wp-content\/uploads\/2026\/04\/Image-07-04-2026-a-00.59-300x105.jpeg 300w, https:\/\/www.lilou-noirot.fr\/wp-content\/uploads\/2026\/04\/Image-07-04-2026-a-00.59-768x270.jpeg 768w, https:\/\/www.lilou-noirot.fr\/wp-content\/uploads\/2026\/04\/Image-07-04-2026-a-00.59.jpeg 1372w\" sizes=\"(max-width: 1024px) 100vw, 1024px\" \/>\t\t\t\t\t\t\t\t\t\t\t\t\t\t\t<\/div>\n\t\t\t\t<\/div>\n\t\t\t\t<div class=\"elementor-element elementor-element-ff46a03 elementor-widget elementor-widget-spacer\" data-id=\"ff46a03\" data-element_type=\"widget\" data-e-type=\"widget\" data-widget_type=\"spacer.default\">\n\t\t\t\t<div class=\"elementor-widget-container\">\n\t\t\t\t\t\t\t<div class=\"elementor-spacer\">\n\t\t\t<div class=\"elementor-spacer-inner\"><\/div>\n\t\t<\/div>\n\t\t\t\t\t\t<\/div>\n\t\t\t\t<\/div>\n\t\t\t\t\t<\/div>\n\t\t\t\t<\/div>\n\t\t<div class=\"elementor-element elementor-element-20d8d57 e-flex e-con-boxed e-con e-parent\" data-id=\"20d8d57\" data-element_type=\"container\" data-e-type=\"container\" data-settings=\"{&quot;background_background&quot;:&quot;classic&quot;}\">\n\t\t\t\t\t<div class=\"e-con-inner\">\n\t\t<div class=\"elementor-element elementor-element-8d1fdd7 e-con-full e-flex e-con e-child\" data-id=\"8d1fdd7\" data-element_type=\"container\" data-e-type=\"container\">\n\t\t\t\t<div class=\"elementor-element elementor-element-a52ffa7 elementor-align-center elementor-widget__width-initial elementor-widget elementor-widget-button\" data-id=\"a52ffa7\" data-element_type=\"widget\" data-e-type=\"widget\" data-widget_type=\"button.default\">\n\t\t\t\t<div class=\"elementor-widget-container\">\n\t\t\t\t\t\t\t\t\t<div class=\"elementor-button-wrapper\">\n\t\t\t\t\t<a class=\"elementor-button elementor-button-link elementor-size-sm elementor-animation-grow\" href=\"https:\/\/www.lilou-noirot.fr\/index.php\/elementor-654\/?preview_id=654&#038;preview_nonce=098f5f76c0&#038;preview=true\">\n\t\t\t\t\t\t<span class=\"elementor-button-content-wrapper\">\n\t\t\t\t\t\t\t\t\t<span class=\"elementor-button-text\">Revenir \u00e0 mes projets personnels<\/span>\n\t\t\t\t\t<\/span>\n\t\t\t\t\t<\/a>\n\t\t\t\t<\/div>\n\t\t\t\t\t\t\t\t<\/div>\n\t\t\t\t<\/div>\n\t\t\t\t<\/div>\n\t\t<div class=\"elementor-element elementor-element-a79daf1 e-con-full e-flex e-con e-child\" data-id=\"a79daf1\" data-element_type=\"container\" data-e-type=\"container\">\n\t\t\t\t<div class=\"elementor-element elementor-element-0ebdde7 elementor-align-center elementor-widget__width-initial elementor-widget elementor-widget-button\" data-id=\"0ebdde7\" data-element_type=\"widget\" data-e-type=\"widget\" data-widget_type=\"button.default\">\n\t\t\t\t<div class=\"elementor-widget-container\">\n\t\t\t\t\t\t\t\t\t<div class=\"elementor-button-wrapper\">\n\t\t\t\t\t<a class=\"elementor-button elementor-button-link elementor-size-sm elementor-animation-grow\" href=\"https:\/\/www.lilou-noirot.fr\/index.php\/elementor-1335\/\">\n\t\t\t\t\t\t<span class=\"elementor-button-content-wrapper\">\n\t\t\t\t\t\t\t\t\t<span class=\"elementor-button-text\">D\u00e9couvrez ma formation et mes projets scolaires<\/span>\n\t\t\t\t\t<\/span>\n\t\t\t\t\t<\/a>\n\t\t\t\t<\/div>\n\t\t\t\t\t\t\t\t<\/div>\n\t\t\t\t<\/div>\n\t\t\t\t<\/div>\n\t\t\t\t\t<\/div>\n\t\t\t\t<\/div>\n\t\t\t\t<\/div>\n\t\t","protected":false},"excerpt":{"rendered":"<p>Janvier 2024 &#8211; F\u00e9vrier 2024 | Enedis Stage &#8211; 1 mois CHARG\u00c9E\u00a0DE\u00a0COMMUNICATION Lors de ce stage, j\u2019ai particip\u00e9 \u00e0 de la communication interne et un peu de communication externe (flyers, kak\u00e9monos\u2026). Il s\u2019agissait surtout d\u2019un stage d\u2019observation qui m\u2019a permis de d\u00e9couvrir le fonctionnement de l\u2019entreprise et d\u2019assister \u00e0 des r\u00e9unions importantes. Revenir \u00e0 mes [&hellip;]<\/p>\n","protected":false},"author":1,"featured_media":0,"parent":0,"menu_order":0,"comment_status":"closed","ping_status":"closed","template":"","meta":{"footnotes":""},"class_list":["post-2669","page","type-page","status-publish","hentry"],"_links":{"self":[{"href":"https:\/\/www.lilou-noirot.fr\/index.php\/wp-json\/wp\/v2\/pages\/2669","targetHints":{"allow":["GET"]}}],"collection":[{"href":"https:\/\/www.lilou-noirot.fr\/index.php\/wp-json\/wp\/v2\/pages"}],"about":[{"href":"https:\/\/www.lilou-noirot.fr\/index.php\/wp-json\/wp\/v2\/types\/page"}],"author":[{"embeddable":true,"href":"https:\/\/www.lilou-noirot.fr\/index.php\/wp-json\/wp\/v2\/users\/1"}],"replies":[{"embeddable":true,"href":"https:\/\/www.lilou-noirot.fr\/index.php\/wp-json\/wp\/v2\/comments?post=2669"}],"version-history":[{"count":15,"href":"https:\/\/www.lilou-noirot.fr\/index.php\/wp-json\/wp\/v2\/pages\/2669\/revisions"}],"predecessor-version":[{"id":2743,"href":"https:\/\/www.lilou-noirot.fr\/index.php\/wp-json\/wp\/v2\/pages\/2669\/revisions\/2743"}],"wp:attachment":[{"href":"https:\/\/www.lilou-noirot.fr\/index.php\/wp-json\/wp\/v2\/media?parent=2669"}],"curies":[{"name":"wp","href":"https:\/\/api.w.org\/{rel}","templated":true}]}}