{"id":2461,"date":"2026-04-06T17:36:04","date_gmt":"2026-04-06T15:36:04","guid":{"rendered":"https:\/\/www.lilou-noirot.fr\/?page_id=2461"},"modified":"2026-04-06T18:14:10","modified_gmt":"2026-04-06T16:14:10","slug":"photographefcsochaux","status":"publish","type":"page","link":"https:\/\/www.lilou-noirot.fr\/index.php\/photographefcsochaux\/","title":{"rendered":"PhotographeFCSochaux"},"content":{"rendered":"\t\t<div data-elementor-type=\"wp-page\" data-elementor-id=\"2461\" class=\"elementor elementor-2461\">\n\t\t\t\t<div class=\"elementor-element elementor-element-cc05b38 e-flex e-con-boxed e-con e-parent\" data-id=\"cc05b38\" data-element_type=\"container\" data-e-type=\"container\" data-settings=\"{&quot;background_background&quot;:&quot;classic&quot;}\">\n\t\t\t\t\t<div class=\"e-con-inner\">\n\t\t\t\t<div class=\"elementor-element elementor-element-c8ba4a1 elementor-widget elementor-widget-spacer\" data-id=\"c8ba4a1\" data-element_type=\"widget\" data-e-type=\"widget\" data-widget_type=\"spacer.default\">\n\t\t\t\t<div class=\"elementor-widget-container\">\n\t\t\t\t\t\t\t<div class=\"elementor-spacer\">\n\t\t\t<div class=\"elementor-spacer-inner\"><\/div>\n\t\t<\/div>\n\t\t\t\t\t\t<\/div>\n\t\t\t\t<\/div>\n\t\t\t\t\t<\/div>\n\t\t\t\t<\/div>\n\t\t<div class=\"elementor-element elementor-element-782415b e-flex e-con-boxed e-con e-parent\" data-id=\"782415b\" data-element_type=\"container\" data-e-type=\"container\" data-settings=\"{&quot;background_background&quot;:&quot;classic&quot;}\">\n\t\t\t\t\t<div class=\"e-con-inner\">\n\t\t<div class=\"elementor-element elementor-element-2a3dca9 e-con-full e-flex e-con e-child\" data-id=\"2a3dca9\" data-element_type=\"container\" data-e-type=\"container\">\n\t\t\t\t<div class=\"elementor-element elementor-element-bbd52b0 elementor-widget__width-initial elementor-widget-divider--view-line elementor-widget elementor-widget-divider\" data-id=\"bbd52b0\" data-element_type=\"widget\" data-e-type=\"widget\" data-widget_type=\"divider.default\">\n\t\t\t\t<div class=\"elementor-widget-container\">\n\t\t\t\t\t\t\t<div class=\"elementor-divider\">\n\t\t\t<span class=\"elementor-divider-separator\">\n\t\t\t\t\t\t<\/span>\n\t\t<\/div>\n\t\t\t\t\t\t<\/div>\n\t\t\t\t<\/div>\n\t\t\t\t<div class=\"elementor-element elementor-element-f59c368 elementor-widget elementor-widget-text-editor\" data-id=\"f59c368\" data-element_type=\"widget\" data-e-type=\"widget\" data-widget_type=\"text-editor.default\">\n\t\t\t\t<div class=\"elementor-widget-container\">\n\t\t\t\t\t\t\t\t\t<p>Septembre 2025 |<span style=\"text-decoration: underline;\"> Fc Sochaux-Montb\u00e9liard<\/span><\/p>\t\t\t\t\t\t\t\t<\/div>\n\t\t\t\t<\/div>\n\t\t\t\t<div class=\"elementor-element elementor-element-b55cbde elementor-widget elementor-widget-text-editor\" data-id=\"b55cbde\" data-element_type=\"widget\" data-e-type=\"widget\" data-widget_type=\"text-editor.default\">\n\t\t\t\t<div class=\"elementor-widget-container\">\n\t\t\t\t\t\t\t\t\t<p>B\u00e9n\u00e9volat &#8211; 1 mois<\/p>\t\t\t\t\t\t\t\t<\/div>\n\t\t\t\t<\/div>\n\t\t\t\t<div class=\"elementor-element elementor-element-13d31c8 elementor-widget__width-initial elementor-widget elementor-widget-text-editor\" data-id=\"13d31c8\" data-element_type=\"widget\" data-e-type=\"widget\" data-widget_type=\"text-editor.default\">\n\t\t\t\t<div class=\"elementor-widget-container\">\n\t\t\t\t\t\t\t\t\t<p>PHOTOGRAPHE<\/p>\t\t\t\t\t\t\t\t<\/div>\n\t\t\t\t<\/div>\n\t\t\t\t<\/div>\n\t\t\t\t<div class=\"elementor-element elementor-element-bc87670 elementor-view-default elementor-widget elementor-widget-icon\" data-id=\"bc87670\" data-element_type=\"widget\" data-e-type=\"widget\" data-widget_type=\"icon.default\">\n\t\t\t\t<div class=\"elementor-widget-container\">\n\t\t\t\t\t\t\t<div class=\"elementor-icon-wrapper\">\n\t\t\t<a class=\"elementor-icon\" href=\"https:\/\/www.instagram.com\/fcsm_officiel?igsh=M2hjbTdvcG1sNGpm\">\n\t\t\t<svg aria-hidden=\"true\" class=\"e-font-icon-svg e-fab-instagram\" viewBox=\"0 0 448 512\" xmlns=\"http:\/\/www.w3.org\/2000\/svg\"><path d=\"M224.1 141c-63.6 0-114.9 51.3-114.9 114.9s51.3 114.9 114.9 114.9S339 319.5 339 255.9 287.7 141 224.1 141zm0 189.6c-41.1 0-74.7-33.5-74.7-74.7s33.5-74.7 74.7-74.7 74.7 33.5 74.7 74.7-33.6 74.7-74.7 74.7zm146.4-194.3c0 14.9-12 26.8-26.8 26.8-14.9 0-26.8-12-26.8-26.8s12-26.8 26.8-26.8 26.8 12 26.8 26.8zm76.1 27.2c-1.7-35.9-9.9-67.7-36.2-93.9-26.2-26.2-58-34.4-93.9-36.2-37-2.1-147.9-2.1-184.9 0-35.8 1.7-67.6 9.9-93.9 36.1s-34.4 58-36.2 93.9c-2.1 37-2.1 147.9 0 184.9 1.7 35.9 9.9 67.7 36.2 93.9s58 34.4 93.9 36.2c37 2.1 147.9 2.1 184.9 0 35.9-1.7 67.7-9.9 93.9-36.2 26.2-26.2 34.4-58 36.2-93.9 2.1-37 2.1-147.8 0-184.8zM398.8 388c-7.8 19.6-22.9 34.7-42.6 42.6-29.5 11.7-99.5 9-132.1 9s-102.7 2.6-132.1-9c-19.6-7.8-34.7-22.9-42.6-42.6-11.7-29.5-9-99.5-9-132.1s-2.6-102.7 9-132.1c7.8-19.6 22.9-34.7 42.6-42.6 29.5-11.7 99.5-9 132.1-9s102.7-2.6 132.1 9c19.6 7.8 34.7 22.9 42.6 42.6 11.7 29.5 9 99.5 9 132.1s2.7 102.7-9 132.1z\"><\/path><\/svg>\t\t\t<\/a>\n\t\t<\/div>\n\t\t\t\t\t\t<\/div>\n\t\t\t\t<\/div>\n\t\t<div class=\"elementor-element elementor-element-332fa15 e-con-full e-flex e-con e-child\" data-id=\"332fa15\" data-element_type=\"container\" data-e-type=\"container\">\n\t\t\t\t<div class=\"elementor-element elementor-element-86fab74 elementor-widget__width-initial elementor-widget elementor-widget-image\" data-id=\"86fab74\" data-element_type=\"widget\" data-e-type=\"widget\" data-widget_type=\"image.default\">\n\t\t\t\t<div class=\"elementor-widget-container\">\n\t\t\t\t\t\t\t\t\t\t\t\t\t\t\t<img fetchpriority=\"high\" decoding=\"async\" width=\"681\" height=\"1024\" src=\"https:\/\/www.lilou-noirot.fr\/wp-content\/uploads\/2026\/04\/Image-06-04-2026-a-17.37-681x1024.jpg\" class=\"attachment-large size-large wp-image-2465\" alt=\"\" srcset=\"https:\/\/www.lilou-noirot.fr\/wp-content\/uploads\/2026\/04\/Image-06-04-2026-a-17.37-681x1024.jpg 681w, https:\/\/www.lilou-noirot.fr\/wp-content\/uploads\/2026\/04\/Image-06-04-2026-a-17.37-200x300.jpg 200w, https:\/\/www.lilou-noirot.fr\/wp-content\/uploads\/2026\/04\/Image-06-04-2026-a-17.37-768x1155.jpg 768w, https:\/\/www.lilou-noirot.fr\/wp-content\/uploads\/2026\/04\/Image-06-04-2026-a-17.37.jpg 810w\" sizes=\"(max-width: 681px) 100vw, 681px\" \/>\t\t\t\t\t\t\t\t\t\t\t\t\t\t\t<\/div>\n\t\t\t\t<\/div>\n\t\t\t\t<\/div>\n\t\t\t\t\t<\/div>\n\t\t\t\t<\/div>\n\t\t<div class=\"elementor-element elementor-element-648797e e-flex e-con-boxed e-con e-parent\" data-id=\"648797e\" data-element_type=\"container\" data-e-type=\"container\" data-settings=\"{&quot;background_background&quot;:&quot;classic&quot;}\">\n\t\t\t\t\t<div class=\"e-con-inner\">\n\t\t<div class=\"elementor-element elementor-element-f761c55 e-con-full e-flex e-con e-child\" data-id=\"f761c55\" data-element_type=\"container\" data-e-type=\"container\">\n\t\t\t\t<div class=\"elementor-element elementor-element-9d7f602 elementor-widget elementor-widget-image\" data-id=\"9d7f602\" data-element_type=\"widget\" data-e-type=\"widget\" data-widget_type=\"image.default\">\n\t\t\t\t<div class=\"elementor-widget-container\">\n\t\t\t\t\t\t\t\t\t\t\t\t\t\t\t<img decoding=\"async\" width=\"790\" height=\"1024\" src=\"https:\/\/www.lilou-noirot.fr\/wp-content\/uploads\/2026\/04\/Image-06-04-2026-a-17.37-1-790x1024.jpg\" class=\"attachment-large size-large wp-image-2464\" alt=\"\" srcset=\"https:\/\/www.lilou-noirot.fr\/wp-content\/uploads\/2026\/04\/Image-06-04-2026-a-17.37-1-790x1024.jpg 790w, https:\/\/www.lilou-noirot.fr\/wp-content\/uploads\/2026\/04\/Image-06-04-2026-a-17.37-1-231x300.jpg 231w, https:\/\/www.lilou-noirot.fr\/wp-content\/uploads\/2026\/04\/Image-06-04-2026-a-17.37-1-768x996.jpg 768w, https:\/\/www.lilou-noirot.fr\/wp-content\/uploads\/2026\/04\/Image-06-04-2026-a-17.37-1.jpg 1064w\" sizes=\"(max-width: 790px) 100vw, 790px\" \/>\t\t\t\t\t\t\t\t\t\t\t\t\t\t\t<\/div>\n\t\t\t\t<\/div>\n\t\t\t\t<\/div>\n\t\t<div class=\"elementor-element elementor-element-ca0a287 e-con-full e-flex e-con e-child\" data-id=\"ca0a287\" data-element_type=\"container\" data-e-type=\"container\">\n\t\t\t\t<div class=\"elementor-element elementor-element-9e49172 elementor-widget__width-initial elementor-widget elementor-widget-text-editor\" data-id=\"9e49172\" data-element_type=\"widget\" data-e-type=\"widget\" data-widget_type=\"text-editor.default\">\n\t\t\t\t<div class=\"elementor-widget-container\">\n\t\t\t\t\t\t\t\t\t<p>En tant que photographe accr\u00e9dit\u00e9e presse, j\u2019ai couvert le match FC Sochaux-Montb\u00e9liard \u2013 Caen devant plus de 13 000 spectateurs, avec un acc\u00e8s complet aux espaces m\u00e9dias : bord de terrain, zone presse et loges.<\/p>\t\t\t\t\t\t\t\t<\/div>\n\t\t\t\t<\/div>\n\t\t\t\t<\/div>\n\t\t\t\t\t<\/div>\n\t\t\t\t<\/div>\n\t\t<div class=\"elementor-element elementor-element-0cb8572 e-flex e-con-boxed e-con e-parent\" data-id=\"0cb8572\" data-element_type=\"container\" data-e-type=\"container\" data-settings=\"{&quot;background_background&quot;:&quot;classic&quot;}\">\n\t\t\t\t\t<div class=\"e-con-inner\">\n\t\t\t\t<div class=\"elementor-element elementor-element-b6ce0db elementor-widget elementor-widget-spacer\" data-id=\"b6ce0db\" data-element_type=\"widget\" data-e-type=\"widget\" data-widget_type=\"spacer.default\">\n\t\t\t\t<div class=\"elementor-widget-container\">\n\t\t\t\t\t\t\t<div class=\"elementor-spacer\">\n\t\t\t<div class=\"elementor-spacer-inner\"><\/div>\n\t\t<\/div>\n\t\t\t\t\t\t<\/div>\n\t\t\t\t<\/div>\n\t\t\t\t<div class=\"elementor-element elementor-element-fbe5f5e elementor-widget elementor-widget-image\" data-id=\"fbe5f5e\" data-element_type=\"widget\" data-e-type=\"widget\" data-widget_type=\"image.default\">\n\t\t\t\t<div class=\"elementor-widget-container\">\n\t\t\t\t\t\t\t\t\t\t\t\t\t\t\t<img decoding=\"async\" width=\"2560\" height=\"1374\" src=\"https:\/\/www.lilou-noirot.fr\/wp-content\/uploads\/2026\/04\/Image-06-04-2026-a-17.38-1-scaled.jpg\" class=\"attachment-full size-full wp-image-2466\" alt=\"\" srcset=\"https:\/\/www.lilou-noirot.fr\/wp-content\/uploads\/2026\/04\/Image-06-04-2026-a-17.38-1-scaled.jpg 2560w, https:\/\/www.lilou-noirot.fr\/wp-content\/uploads\/2026\/04\/Image-06-04-2026-a-17.38-1-300x161.jpg 300w, https:\/\/www.lilou-noirot.fr\/wp-content\/uploads\/2026\/04\/Image-06-04-2026-a-17.38-1-1024x550.jpg 1024w, https:\/\/www.lilou-noirot.fr\/wp-content\/uploads\/2026\/04\/Image-06-04-2026-a-17.38-1-768x412.jpg 768w, https:\/\/www.lilou-noirot.fr\/wp-content\/uploads\/2026\/04\/Image-06-04-2026-a-17.38-1-1536x824.jpg 1536w, https:\/\/www.lilou-noirot.fr\/wp-content\/uploads\/2026\/04\/Image-06-04-2026-a-17.38-1-2048x1099.jpg 2048w\" sizes=\"(max-width: 2560px) 100vw, 2560px\" \/>\t\t\t\t\t\t\t\t\t\t\t\t\t\t\t<\/div>\n\t\t\t\t<\/div>\n\t\t\t\t\t<\/div>\n\t\t\t\t<\/div>\n\t\t<div class=\"elementor-element elementor-element-789cbe1 e-flex e-con-boxed e-con e-parent\" data-id=\"789cbe1\" data-element_type=\"container\" data-e-type=\"container\" data-settings=\"{&quot;background_background&quot;:&quot;classic&quot;}\">\n\t\t\t\t\t<div class=\"e-con-inner\">\n\t\t\t\t<div class=\"elementor-element elementor-element-26dd81a elementor-widget elementor-widget-spacer\" data-id=\"26dd81a\" data-element_type=\"widget\" data-e-type=\"widget\" data-widget_type=\"spacer.default\">\n\t\t\t\t<div class=\"elementor-widget-container\">\n\t\t\t\t\t\t\t<div class=\"elementor-spacer\">\n\t\t\t<div class=\"elementor-spacer-inner\"><\/div>\n\t\t<\/div>\n\t\t\t\t\t\t<\/div>\n\t\t\t\t<\/div>\n\t\t\t\t<div class=\"elementor-element elementor-element-9fc80b3 elementor-widget elementor-widget-image\" data-id=\"9fc80b3\" data-element_type=\"widget\" data-e-type=\"widget\" data-widget_type=\"image.default\">\n\t\t\t\t<div class=\"elementor-widget-container\">\n\t\t\t\t\t\t\t\t\t\t\t\t\t\t\t<img loading=\"lazy\" decoding=\"async\" width=\"2560\" height=\"1331\" src=\"https:\/\/www.lilou-noirot.fr\/wp-content\/uploads\/2026\/04\/Image-06-04-2026-a-17.38-scaled.jpg\" class=\"attachment-full size-full wp-image-2467\" alt=\"\" srcset=\"https:\/\/www.lilou-noirot.fr\/wp-content\/uploads\/2026\/04\/Image-06-04-2026-a-17.38-scaled.jpg 2560w, https:\/\/www.lilou-noirot.fr\/wp-content\/uploads\/2026\/04\/Image-06-04-2026-a-17.38-300x156.jpg 300w, https:\/\/www.lilou-noirot.fr\/wp-content\/uploads\/2026\/04\/Image-06-04-2026-a-17.38-1024x532.jpg 1024w, https:\/\/www.lilou-noirot.fr\/wp-content\/uploads\/2026\/04\/Image-06-04-2026-a-17.38-768x399.jpg 768w, https:\/\/www.lilou-noirot.fr\/wp-content\/uploads\/2026\/04\/Image-06-04-2026-a-17.38-1536x798.jpg 1536w, https:\/\/www.lilou-noirot.fr\/wp-content\/uploads\/2026\/04\/Image-06-04-2026-a-17.38-2048x1064.jpg 2048w\" sizes=\"(max-width: 2560px) 100vw, 2560px\" \/>\t\t\t\t\t\t\t\t\t\t\t\t\t\t\t<\/div>\n\t\t\t\t<\/div>\n\t\t\t\t<div class=\"elementor-element elementor-element-0423e9b elementor-widget elementor-widget-spacer\" data-id=\"0423e9b\" data-element_type=\"widget\" data-e-type=\"widget\" data-widget_type=\"spacer.default\">\n\t\t\t\t<div class=\"elementor-widget-container\">\n\t\t\t\t\t\t\t<div class=\"elementor-spacer\">\n\t\t\t<div class=\"elementor-spacer-inner\"><\/div>\n\t\t<\/div>\n\t\t\t\t\t\t<\/div>\n\t\t\t\t<\/div>\n\t\t\t\t<div class=\"elementor-element elementor-element-692ce24 elementor-widget elementor-widget-image\" data-id=\"692ce24\" data-element_type=\"widget\" data-e-type=\"widget\" data-widget_type=\"image.default\">\n\t\t\t\t<div class=\"elementor-widget-container\">\n\t\t\t\t\t\t\t\t\t\t\t\t\t\t\t<img decoding=\"async\" width=\"2560\" height=\"1374\" src=\"https:\/\/www.lilou-noirot.fr\/wp-content\/uploads\/2026\/04\/Image-06-04-2026-a-17.38-1-scaled.jpg\" class=\"attachment-full size-full wp-image-2466\" alt=\"\" srcset=\"https:\/\/www.lilou-noirot.fr\/wp-content\/uploads\/2026\/04\/Image-06-04-2026-a-17.38-1-scaled.jpg 2560w, https:\/\/www.lilou-noirot.fr\/wp-content\/uploads\/2026\/04\/Image-06-04-2026-a-17.38-1-300x161.jpg 300w, https:\/\/www.lilou-noirot.fr\/wp-content\/uploads\/2026\/04\/Image-06-04-2026-a-17.38-1-1024x550.jpg 1024w, https:\/\/www.lilou-noirot.fr\/wp-content\/uploads\/2026\/04\/Image-06-04-2026-a-17.38-1-768x412.jpg 768w, https:\/\/www.lilou-noirot.fr\/wp-content\/uploads\/2026\/04\/Image-06-04-2026-a-17.38-1-1536x824.jpg 1536w, https:\/\/www.lilou-noirot.fr\/wp-content\/uploads\/2026\/04\/Image-06-04-2026-a-17.38-1-2048x1099.jpg 2048w\" sizes=\"(max-width: 2560px) 100vw, 2560px\" \/>\t\t\t\t\t\t\t\t\t\t\t\t\t\t\t<\/div>\n\t\t\t\t<\/div>\n\t\t\t\t<div class=\"elementor-element elementor-element-6138776 elementor-widget elementor-widget-spacer\" data-id=\"6138776\" data-element_type=\"widget\" data-e-type=\"widget\" data-widget_type=\"spacer.default\">\n\t\t\t\t<div class=\"elementor-widget-container\">\n\t\t\t\t\t\t\t<div class=\"elementor-spacer\">\n\t\t\t<div class=\"elementor-spacer-inner\"><\/div>\n\t\t<\/div>\n\t\t\t\t\t\t<\/div>\n\t\t\t\t<\/div>\n\t\t\t\t\t<\/div>\n\t\t\t\t<\/div>\n\t\t<div class=\"elementor-element elementor-element-c638afe e-flex e-con-boxed e-con e-parent\" data-id=\"c638afe\" data-element_type=\"container\" data-e-type=\"container\" data-settings=\"{&quot;background_background&quot;:&quot;classic&quot;}\">\n\t\t\t\t\t<div class=\"e-con-inner\">\n\t\t<div class=\"elementor-element elementor-element-39d4f44 e-con-full e-flex e-con e-child\" data-id=\"39d4f44\" data-element_type=\"container\" data-e-type=\"container\">\n\t\t\t\t<div class=\"elementor-element elementor-element-2864c95 elementor-widget__width-initial elementor-widget elementor-widget-image\" data-id=\"2864c95\" data-element_type=\"widget\" data-e-type=\"widget\" data-widget_type=\"image.default\">\n\t\t\t\t<div class=\"elementor-widget-container\">\n\t\t\t\t\t\t\t\t\t\t\t\t\t\t\t\t<a href=\"https:\/\/vm.tiktok.com\/ZNRXCrp4h\/\">\n\t\t\t\t\t\t\t<img loading=\"lazy\" decoding=\"async\" width=\"503\" height=\"1024\" src=\"https:\/\/www.lilou-noirot.fr\/wp-content\/uploads\/2026\/04\/Image-06-04-2026-a-17.40-503x1024.jpeg\" class=\"attachment-large size-large wp-image-2475\" alt=\"\" srcset=\"https:\/\/www.lilou-noirot.fr\/wp-content\/uploads\/2026\/04\/Image-06-04-2026-a-17.40-503x1024.jpeg 503w, https:\/\/www.lilou-noirot.fr\/wp-content\/uploads\/2026\/04\/Image-06-04-2026-a-17.40-147x300.jpeg 147w, https:\/\/www.lilou-noirot.fr\/wp-content\/uploads\/2026\/04\/Image-06-04-2026-a-17.40.jpeg 644w\" sizes=\"(max-width: 503px) 100vw, 503px\" \/>\t\t\t\t\t\t\t\t<\/a>\n\t\t\t\t\t\t\t\t\t\t\t\t\t\t\t<\/div>\n\t\t\t\t<\/div>\n\t\t\t\t<div class=\"elementor-element elementor-element-9f13f45 elementor-widget elementor-widget-spacer\" data-id=\"9f13f45\" data-element_type=\"widget\" data-e-type=\"widget\" data-widget_type=\"spacer.default\">\n\t\t\t\t<div class=\"elementor-widget-container\">\n\t\t\t\t\t\t\t<div class=\"elementor-spacer\">\n\t\t\t<div class=\"elementor-spacer-inner\"><\/div>\n\t\t<\/div>\n\t\t\t\t\t\t<\/div>\n\t\t\t\t<\/div>\n\t\t\t\t<\/div>\n\t\t<div class=\"elementor-element elementor-element-67e4d49 e-con-full e-flex e-con e-child\" data-id=\"67e4d49\" data-element_type=\"container\" data-e-type=\"container\">\n\t\t\t\t<div class=\"elementor-element elementor-element-a745501 elementor-widget__width-initial elementor-widget elementor-widget-image\" data-id=\"a745501\" data-element_type=\"widget\" data-e-type=\"widget\" data-widget_type=\"image.default\">\n\t\t\t\t<div class=\"elementor-widget-container\">\n\t\t\t\t\t\t\t\t\t\t\t\t\t\t\t<img loading=\"lazy\" decoding=\"async\" width=\"838\" height=\"1628\" src=\"https:\/\/www.lilou-noirot.fr\/wp-content\/uploads\/2026\/04\/Image-06-04-2026-a-17.39.jpg\" class=\"attachment-full size-full wp-image-2468\" alt=\"\" srcset=\"https:\/\/www.lilou-noirot.fr\/wp-content\/uploads\/2026\/04\/Image-06-04-2026-a-17.39.jpg 838w, https:\/\/www.lilou-noirot.fr\/wp-content\/uploads\/2026\/04\/Image-06-04-2026-a-17.39-154x300.jpg 154w, https:\/\/www.lilou-noirot.fr\/wp-content\/uploads\/2026\/04\/Image-06-04-2026-a-17.39-527x1024.jpg 527w, https:\/\/www.lilou-noirot.fr\/wp-content\/uploads\/2026\/04\/Image-06-04-2026-a-17.39-768x1492.jpg 768w, https:\/\/www.lilou-noirot.fr\/wp-content\/uploads\/2026\/04\/Image-06-04-2026-a-17.39-791x1536.jpg 791w\" sizes=\"(max-width: 838px) 100vw, 838px\" \/>\t\t\t\t\t\t\t\t\t\t\t\t\t\t\t<\/div>\n\t\t\t\t<\/div>\n\t\t\t\t<\/div>\n\t\t\t\t\t<\/div>\n\t\t\t\t<\/div>\n\t\t<div class=\"elementor-element elementor-element-238a167 e-flex e-con-boxed e-con e-parent\" data-id=\"238a167\" data-element_type=\"container\" data-e-type=\"container\" data-settings=\"{&quot;background_background&quot;:&quot;classic&quot;}\">\n\t\t\t\t\t<div class=\"e-con-inner\">\n\t\t<div class=\"elementor-element elementor-element-36a1a1f e-con-full e-flex e-con e-child\" data-id=\"36a1a1f\" data-element_type=\"container\" data-e-type=\"container\">\n\t\t\t\t<div class=\"elementor-element elementor-element-ddfb4ba elementor-align-center elementor-widget__width-initial elementor-widget elementor-widget-button\" data-id=\"ddfb4ba\" data-element_type=\"widget\" data-e-type=\"widget\" data-widget_type=\"button.default\">\n\t\t\t\t<div class=\"elementor-widget-container\">\n\t\t\t\t\t\t\t\t\t<div class=\"elementor-button-wrapper\">\n\t\t\t\t\t<a class=\"elementor-button elementor-button-link elementor-size-sm elementor-animation-grow\" href=\"https:\/\/www.lilou-noirot.fr\/index.php\/elementor-654\/?preview_id=654&#038;preview_nonce=098f5f76c0&#038;preview=true\">\n\t\t\t\t\t\t<span class=\"elementor-button-content-wrapper\">\n\t\t\t\t\t\t\t\t\t<span class=\"elementor-button-text\">Revenir \u00e0 mes projets personnels<\/span>\n\t\t\t\t\t<\/span>\n\t\t\t\t\t<\/a>\n\t\t\t\t<\/div>\n\t\t\t\t\t\t\t\t<\/div>\n\t\t\t\t<\/div>\n\t\t\t\t<\/div>\n\t\t<div class=\"elementor-element elementor-element-fd6c183 e-con-full e-flex e-con e-child\" data-id=\"fd6c183\" data-element_type=\"container\" data-e-type=\"container\">\n\t\t\t\t<div class=\"elementor-element elementor-element-4e74bbe elementor-align-center elementor-widget__width-initial elementor-widget elementor-widget-button\" data-id=\"4e74bbe\" data-element_type=\"widget\" data-e-type=\"widget\" data-widget_type=\"button.default\">\n\t\t\t\t<div class=\"elementor-widget-container\">\n\t\t\t\t\t\t\t\t\t<div class=\"elementor-button-wrapper\">\n\t\t\t\t\t<a class=\"elementor-button elementor-size-sm elementor-animation-grow\" role=\"button\">\n\t\t\t\t\t\t<span class=\"elementor-button-content-wrapper\">\n\t\t\t\t\t\t\t\t\t<span class=\"elementor-button-text\">Exp\u00e9rience suivante (Community Manager - My Production)<\/span>\n\t\t\t\t\t<\/span>\n\t\t\t\t\t<\/a>\n\t\t\t\t<\/div>\n\t\t\t\t\t\t\t\t<\/div>\n\t\t\t\t<\/div>\n\t\t\t\t<\/div>\n\t\t\t\t\t<\/div>\n\t\t\t\t<\/div>\n\t\t\t\t<\/div>\n\t\t","protected":false},"excerpt":{"rendered":"<p>Septembre 2025 | Fc Sochaux-Montb\u00e9liard B\u00e9n\u00e9volat &#8211; 1 mois PHOTOGRAPHE En tant que photographe accr\u00e9dit\u00e9e presse, j\u2019ai couvert le match FC Sochaux-Montb\u00e9liard \u2013 Caen devant plus de 13 000 spectateurs, avec un acc\u00e8s complet aux espaces m\u00e9dias : bord de terrain, zone presse et loges. Revenir \u00e0 mes projets personnels Exp\u00e9rience suivante (Community Manager &#8211; [&hellip;]<\/p>\n","protected":false},"author":1,"featured_media":0,"parent":0,"menu_order":0,"comment_status":"closed","ping_status":"closed","template":"","meta":{"footnotes":""},"class_list":["post-2461","page","type-page","status-publish","hentry"],"_links":{"self":[{"href":"https:\/\/www.lilou-noirot.fr\/index.php\/wp-json\/wp\/v2\/pages\/2461","targetHints":{"allow":["GET"]}}],"collection":[{"href":"https:\/\/www.lilou-noirot.fr\/index.php\/wp-json\/wp\/v2\/pages"}],"about":[{"href":"https:\/\/www.lilou-noirot.fr\/index.php\/wp-json\/wp\/v2\/types\/page"}],"author":[{"embeddable":true,"href":"https:\/\/www.lilou-noirot.fr\/index.php\/wp-json\/wp\/v2\/users\/1"}],"replies":[{"embeddable":true,"href":"https:\/\/www.lilou-noirot.fr\/index.php\/wp-json\/wp\/v2\/comments?post=2461"}],"version-history":[{"count":19,"href":"https:\/\/www.lilou-noirot.fr\/index.php\/wp-json\/wp\/v2\/pages\/2461\/revisions"}],"predecessor-version":[{"id":2492,"href":"https:\/\/www.lilou-noirot.fr\/index.php\/wp-json\/wp\/v2\/pages\/2461\/revisions\/2492"}],"wp:attachment":[{"href":"https:\/\/www.lilou-noirot.fr\/index.php\/wp-json\/wp\/v2\/media?parent=2461"}],"curies":[{"name":"wp","href":"https:\/\/api.w.org\/{rel}","templated":true}]}}